{"id":53,"date":"2024-01-26T20:41:39","date_gmt":"2024-01-26T23:41:39","guid":{"rendered":"http:\/\/pratariafontana.com.br\/?page_id=53"},"modified":"2024-01-26T20:41:39","modified_gmt":"2024-01-26T23:41:39","slug":"restauracao-e-manutecao","status":"publish","type":"page","link":"https:\/\/pratariafontana.com.br\/","title":{"rendered":"RESTAURA\u00c7\u00c3O E MANUTE\u00c7\u00c3O"},"content":{"rendered":"","protected":false},"excerpt":{"rendered":"","protected":false},"author":1,"featured_media":0,"parent":0,"menu_order":0,"comment_status":"closed","ping_status":"closed","template":"","meta":{"footnotes":""},"_links":{"self":[{"href":"https:\/\/pratariafontana.com.br\/index.php?rest_route=\/wp\/v2\/pages\/53"}],"collection":[{"href":"https:\/\/pratariafontana.com.br\/index.php?rest_route=\/wp\/v2\/pages"}],"about":[{"href":"https:\/\/pratariafontana.com.br\/index.php?rest_route=\/wp\/v2\/types\/page"}],"author":[{"embeddable":true,"href":"https:\/\/pratariafontana.com.br\/index.php?rest_route=\/wp\/v2\/users\/1"}],"replies":[{"embeddable":true,"href":"https:\/\/pratariafontana.com.br\/index.php?rest_route=%2Fwp%2Fv2%2Fcomments&post=53"}],"version-history":[{"count":2,"href":"https:\/\/pratariafontana.com.br\/index.php?rest_route=\/wp\/v2\/pages\/53\/revisions"}],"predecessor-version":[{"id":75,"href":"https:\/\/pratariafontana.com.br\/index.php?rest_route=\/wp\/v2\/pages\/53\/revisions\/75"}],"wp:attachment":[{"href":"https:\/\/pratariafontana.com.br\/index.php?rest_route=%2Fwp%2Fv2%2Fmedia&parent=53"}],"curies":[{"name":"wp","href":"https:\/\/api.w.org\/{rel}","templated":true}]}}